{"id":33,"date":"2021-01-03T09:50:18","date_gmt":"2021-01-03T09:50:18","guid":{"rendered":"https:\/\/www.ilgin-installationen.at\/?page_id=33"},"modified":"2024-02-14T17:02:35","modified_gmt":"2024-02-14T17:02:35","slug":"33-2","status":"publish","type":"page","link":"https:\/\/www.ilgin-installationen.at\/","title":{"rendered":"Home"},"content":{"rendered":"\n<p><strong><span class=\"has-inline-color has-primary-color\">24 Stunden Notdienst f\u00fcr Gas, Wasser und Heizung<br><\/span><\/strong>Wir sind innerhalb 60 Minuten am Einsatzort in Wien nach Aufnahme<br>Ihr Installateur-Notdienst f\u00fcr Ganz Wien und Wien-Umgebung!<br><br><strong>Thermentausch<br><\/strong>Bei l\u00e4nger nicht gewarteten Thermen k\u00f6nnte ein irreparabler Schaden entstanden oder eine Reparatur unwirtschaftlich sein. <\/p>\n\n\n\n<p><strong>Behebungen von<\/strong> <strong>Verstopfungen und Rohrbr\u00fcchen<\/strong><br>Wasser flie\u00dft durch Verstopfungen nicht mehr ab oder rinnt durch Decken\/W\u00e4nden aufgrund eines Rohrbruches das bei einer Hochdruckwasserleitung einen erheblichen Schaden verursacht.<\/p>\n\n\n\n<p><strong>Gasger\u00e4te Kundendienst &#8211; Thermenwartung<\/strong><br>Die j\u00e4hrliche Wartung verl\u00e4ngert die Lebensdauer und erh\u00f6ht den Wirkungsgrad der Therme. Bei nicht gewarteten Gasger\u00e4ten k\u00f6nnten giftige Abgase aus der Therme austreten und somit lebensgef\u00e4hrlich sein.<\/p>\n\n\n\n<p>Wartungspreise Netto:<\/p>\n\n\n\n<figure class=\"wp-block-table\"><table><tbody><tr><td>Brennwert Therme<\/td><td>150 \u20ac<\/td><\/tr><tr><td>Kombitherme &#8211; Kamin<\/td><td>150 \u20ac<\/td><\/tr><tr><td>Gaskonvektor<\/td><td>110 \u20ac<\/td><\/tr><tr><td>Durchlauferhitzer<\/td><td>110 \u20ac<\/td><\/tr><\/tbody><\/table><figcaption>Thermenwartungspreise Netto in Euro<\/figcaption><\/figure>\n\n\n\n<p><\/p>\n\n\n\n<p>Clementinengasse 11-17\/3\/R01, 1150 Wien<br>Firmenbuchnummer: FN 540114 k<br>Email: office(at)ilgin-installationen.at<br>Telefonnummer: +43 699 195 67 105<\/p>\n","protected":false},"excerpt":{"rendered":"<p>24 Stunden Notdienst f\u00fcr Gas, Wasser und HeizungWir sind innerhalb 60 Minuten am Einsatzort in Wien nach AufnahmeIhr Installateur-Notdienst f\u00fcr Ganz Wien und Wien-Umgebung! ThermentauschBei l\u00e4nger nicht gewarteten Thermen k\u00f6nnte ein irreparabler Schaden entstanden oder eine Reparatur unwirtschaftlich sein. Behebungen von Verstopfungen und Rohrbr\u00fcchenWasser flie\u00dft durch Verstopfungen nicht mehr ab oder rinnt durch Decken\/W\u00e4nden aufgrund<a class=\"more-link\" href=\"https:\/\/www.ilgin-installationen.at\/\">Continue reading <span class=\"screen-reader-text\">&#8220;Home&#8221;<\/span><\/a><\/p>\n","protected":false},"author":1,"featured_media":0,"parent":0,"menu_order":0,"comment_status":"closed","ping_status":"closed","template":"","meta":[],"_links":{"self":[{"href":"https:\/\/www.ilgin-installationen.at\/index.php\/wp-json\/wp\/v2\/pages\/33"}],"collection":[{"href":"https:\/\/www.ilgin-installationen.at\/index.php\/wp-json\/wp\/v2\/pages"}],"about":[{"href":"https:\/\/www.ilgin-installationen.at\/index.php\/wp-json\/wp\/v2\/types\/page"}],"author":[{"embeddable":true,"href":"https:\/\/www.ilgin-installationen.at\/index.php\/wp-json\/wp\/v2\/users\/1"}],"replies":[{"embeddable":true,"href":"https:\/\/www.ilgin-installationen.at\/index.php\/wp-json\/wp\/v2\/comments?post=33"}],"version-history":[{"count":25,"href":"https:\/\/www.ilgin-installationen.at\/index.php\/wp-json\/wp\/v2\/pages\/33\/revisions"}],"predecessor-version":[{"id":115,"href":"https:\/\/www.ilgin-installationen.at\/index.php\/wp-json\/wp\/v2\/pages\/33\/revisions\/115"}],"wp:attachment":[{"href":"https:\/\/www.ilgin-installationen.at\/index.php\/wp-json\/wp\/v2\/media?parent=33"}],"curies":[{"name":"wp","href":"https:\/\/api.w.org\/{rel}","templated":true}]}}