{"id":80,"date":"2021-01-10T13:13:12","date_gmt":"2021-01-10T13:13:12","guid":{"rendered":"https:\/\/www.ilgin-installationen.at\/?page_id=80"},"modified":"2021-01-10T14:28:54","modified_gmt":"2021-01-10T14:28:54","slug":"24-stunden-notdienst","status":"publish","type":"page","link":"https:\/\/www.ilgin-installationen.at\/index.php\/24-stunden-notdienst\/","title":{"rendered":"24 Stunden Notdienst"},"content":{"rendered":"\n<p>Rund um die Uhr erreichbar f\u00fcr alle Arten von Gasger\u00e4te ausf\u00e4llen, Verstopfungen sowie Rohrbr\u00fcche und anderen Wassersch\u00e4den.<\/p>\n","protected":false},"excerpt":{"rendered":"<p>Rund um die Uhr erreichbar f\u00fcr alle Arten von Gasger\u00e4te ausf\u00e4llen, Verstopfungen sowie Rohrbr\u00fcche und anderen Wassersch\u00e4den.<\/p>\n","protected":false},"author":1,"featured_media":0,"parent":0,"menu_order":0,"comment_status":"closed","ping_status":"closed","template":"","meta":[],"_links":{"self":[{"href":"https:\/\/www.ilgin-installationen.at\/index.php\/wp-json\/wp\/v2\/pages\/80"}],"collection":[{"href":"https:\/\/www.ilgin-installationen.at\/index.php\/wp-json\/wp\/v2\/pages"}],"about":[{"href":"https:\/\/www.ilgin-installationen.at\/index.php\/wp-json\/wp\/v2\/types\/page"}],"author":[{"embeddable":true,"href":"https:\/\/www.ilgin-installationen.at\/index.php\/wp-json\/wp\/v2\/users\/1"}],"replies":[{"embeddable":true,"href":"https:\/\/www.ilgin-installationen.at\/index.php\/wp-json\/wp\/v2\/comments?post=80"}],"version-history":[{"count":3,"href":"https:\/\/www.ilgin-installationen.at\/index.php\/wp-json\/wp\/v2\/pages\/80\/revisions"}],"predecessor-version":[{"id":105,"href":"https:\/\/www.ilgin-installationen.at\/index.php\/wp-json\/wp\/v2\/pages\/80\/revisions\/105"}],"wp:attachment":[{"href":"https:\/\/www.ilgin-installationen.at\/index.php\/wp-json\/wp\/v2\/media?parent=80"}],"curies":[{"name":"wp","href":"https:\/\/api.w.org\/{rel}","templated":true}]}}